{"id":14,"date":"2018-07-28T21:24:33","date_gmt":"2018-07-28T21:24:33","guid":{"rendered":"http:\/\/logopaedie-weil.de\/?page_id=14"},"modified":"2018-08-16T19:38:24","modified_gmt":"2018-08-16T19:38:24","slug":"herzlich-willkommen-auf-meiner-praxisseite","status":"publish","type":"page","link":"https:\/\/logopaedie-weil.de\/","title":{"rendered":"Herzlich Willkommen"},"content":{"rendered":"<p><img loading=\"lazy\" decoding=\"async\" class=\"aligncenter wp-image-39 size-large\" src=\"http:\/\/logopaedie-weil.de\/wp-content\/uploads\/2018\/07\/MG_0836_pp-1024x683.jpg\" alt=\"\" width=\"525\" height=\"350\" srcset=\"https:\/\/logopaedie-weil.de\/wp-content\/uploads\/2018\/07\/MG_0836_pp-1024x683.jpg 1024w, https:\/\/logopaedie-weil.de\/wp-content\/uploads\/2018\/07\/MG_0836_pp-300x200.jpg 300w, https:\/\/logopaedie-weil.de\/wp-content\/uploads\/2018\/07\/MG_0836_pp-768x512.jpg 768w\" sizes=\"auto, (max-width: 525px) 100vw, 525px\" \/><\/p>\n<p><strong>Mein Name ist Manuela Bahner. Ich begr\u00fc\u00dfe Sie ganz herzlich auf meiner Webseite.<\/strong><\/p>\n<p>Ich biete Ihnen in meiner Praxis der Logop\u00e4die und auf Hausbesuchen eine umfassende Beratung, sowie die Diagnostik und kompetente Therapie bei Sprach-, Sprech-, H\u00f6r-, Stimm- und Schluckst\u00f6rungen f\u00fcr Patienten jeden Alters.<\/p>\n<p>Neben der Durchf\u00fchrung der Diagnostik und der Therapie s\u00e4mtlicher logop\u00e4discher St\u00f6rungsbilder, biete ich Elternberatung und Angeh\u00f6rigenberatung an. Diese sind f\u00fcr mich eine Selbstverst\u00e4ndlichkeit, genauso wie die interdisziplin\u00e4re, fach\u00fcbergreifende Zusammenarbeit mit \u00c4rzten, anderen Therapeuten, Einrichtungen und Kliniken.<\/p>\n<p>Im pers\u00f6nlichen Kontakt in freundlicher Atmosph\u00e4re werde ich mit Ihnen im Gespr\u00e4ch und gegebenenfalls auch mit Ihrem Kind konkrete Ziele der Therapie formulieren. Durch die Anamnese mit Ihnen und dem zus\u00e4tzlich optimalen Diagnostikmaterial kann ich dann eine Therapie, individuell und nach aktuellen anerkannten Methoden, aufbauen.<\/p>\n<p>Gegen Ende jedes Therapieabschnittes erstelle ich einen logop\u00e4dischen Bericht f\u00fcr Ihre \u00c4rztin, Ihren Arzt, in dem ich \u00fcber den Verlauf der Therapie und die erzielten Erfolge berichte. Diese entscheiden je nach Notwendigkeit \u00fcber eine Folgeverordnung. Ich f\u00fchre die Therapie als Intervalltherapie durch, d.h. eine begrenzte Anzahl der Therapiestunden wechselt mit Pausen von mehreren Monaten ab. Die Intervalldauer ist nat\u00fcrlich individuell.<\/p>\n<p>Unter der <a href=\"tel:+4981957785778\">08195 \/ 778 5 778<\/a> stehe ich Ihnen gerne telefonisch zur Terminvereinbarung zur Verf\u00fcgung.<\/p>\n<p>Ich freue mich, Sie in meiner Praxis der Logop\u00e4die willkommen zu hei\u00dfen.<\/p>\n","protected":false},"excerpt":{"rendered":"<p>Mein Name ist Manuela Bahner. Ich begr\u00fc\u00dfe Sie ganz herzlich auf meiner Webseite. Ich biete Ihnen in meiner Praxis der Logop\u00e4die und auf Hausbesuchen eine umfassende Beratung, sowie die Diagnostik und kompetente Therapie bei Sprach-, Sprech-, H\u00f6r-, Stimm- und Schluckst\u00f6rungen f\u00fcr Patienten jeden Alters. Neben der Durchf\u00fchrung der Diagnostik und der Therapie s\u00e4mtlicher logop\u00e4discher St\u00f6rungsbilder, &hellip; <\/p>\n<p class=\"link-more\"><a href=\"https:\/\/logopaedie-weil.de\/\" class=\"more-link\"><span class=\"screen-reader-text\">\u201eHerzlich Willkommen\u201c <\/span>weiterlesen<\/a><\/p>\n","protected":false},"author":1,"featured_media":0,"parent":0,"menu_order":0,"comment_status":"closed","ping_status":"closed","template":"","meta":{"footnotes":""},"class_list":["post-14","page","type-page","status-publish","hentry"],"_links":{"self":[{"href":"https:\/\/logopaedie-weil.de\/index.php?rest_route=\/wp\/v2\/pages\/14","targetHints":{"allow":["GET"]}}],"collection":[{"href":"https:\/\/logopaedie-weil.de\/index.php?rest_route=\/wp\/v2\/pages"}],"about":[{"href":"https:\/\/logopaedie-weil.de\/index.php?rest_route=\/wp\/v2\/types\/page"}],"author":[{"embeddable":true,"href":"https:\/\/logopaedie-weil.de\/index.php?rest_route=\/wp\/v2\/users\/1"}],"replies":[{"embeddable":true,"href":"https:\/\/logopaedie-weil.de\/index.php?rest_route=%2Fwp%2Fv2%2Fcomments&post=14"}],"version-history":[{"count":12,"href":"https:\/\/logopaedie-weil.de\/index.php?rest_route=\/wp\/v2\/pages\/14\/revisions"}],"predecessor-version":[{"id":127,"href":"https:\/\/logopaedie-weil.de\/index.php?rest_route=\/wp\/v2\/pages\/14\/revisions\/127"}],"wp:attachment":[{"href":"https:\/\/logopaedie-weil.de\/index.php?rest_route=%2Fwp%2Fv2%2Fmedia&parent=14"}],"curies":[{"name":"wp","href":"https:\/\/api.w.org\/{rel}","templated":true}]}}