{"id":33,"date":"2018-07-29T11:33:43","date_gmt":"2018-07-29T11:33:43","guid":{"rendered":"http:\/\/logopaedie-weil.de\/?page_id=33"},"modified":"2018-08-16T19:36:31","modified_gmt":"2018-08-16T19:36:31","slug":"datenschutzerklaerung","status":"publish","type":"page","link":"https:\/\/logopaedie-weil.de\/?page_id=33","title":{"rendered":"Datenschutzerkl\u00e4rung"},"content":{"rendered":"<p>Sehr geehrte Patientin, sehr geehrter Patient,<\/p>\n<p>der Schutz Ihrer personenbezogenen Daten ist mir sehr wichtig. Nach der EU \u2013 Datenschutz \u2013 Grundverordnung (EU \u2013 DSGVO) bin ich verpflichtet, Sie dar\u00fcber zu informieren, zu welchem Zweck meine Praxis Daten erhebt, speichert und weiterleitet. Der Information k\u00f6nnen Sie auch entnehmen, welche Rechte Sie haben.<\/p>\n<p><b style=\"font-size: 1rem;\">1. Verantwortlichkeit f\u00fcr die Datenverarbeitung\u00a0<\/b><\/p>\n<p>Praxis: \u00a0 \u00a0 \u00a0 \u00a0 \u00a0 \u00a0 \u00a0 \u00a0 \u00a0 \u00a0 \u00a0 \u00a0 \u00a0 \u00a0 \u00a0 \u00a0 \u00a0Manuela Bahner<\/p>\n<p>Stra\u00dfe, Hausnummer: \u00a0Landsberger Stra\u00dfe 28 b<\/p>\n<p>Postleitzahl, Ort: \u00a0 \u00a0 \u00a0 \u00a0 \u00a0 \u00a0 \u00a086947 Weil<\/p>\n<p>Telefon: \u00a0 \u00a0 \u00a0 \u00a0 \u00a0 \u00a0 \u00a0 \u00a0 \u00a0 \u00a0 \u00a0 \u00a0 \u00a0 \u00a0 \u00a0 \u00a0<a href=\"tel:+4981957785778\">08195 \/ 778 5 778<\/a><\/p>\n<p>E\u2013Mail: \u00a0 \u00a0 \u00a0 \u00a0 \u00a0 \u00a0 \u00a0 \u00a0 \u00a0 \u00a0 \u00a0 \u00a0 \u00a0 \u00a0 \u00a0 \u00a0 \u00a0<a href=\"mailto:praxis@logopaedie-bahner.de\">praxis@logopaedie-bahner.de<\/a><\/p>\n<p><b><\/b><b>2. Zweck der Datenverarbeitung<\/b><b>\u00a0<\/b><\/p>\n<p>Die Datenverarbeitung erfolgt aufgrund gesetzlicher Vorgaben, um den Behandlungsvertrag zwischen Ihnen und uns und die damit verbundenen Pflichten zu erf\u00fcllen.<\/p>\n<p>Hierzu verarbeiten wir Ihre pers\u00f6nlichen Daten, insbesondere Ihrer Gesundheit. Dazu z\u00e4hlen alle Daten die auf einer \u00e4rztlichen Verordnung aufgef\u00fchrt sind sowie Diagnosen, Therapievorschl\u00e4ge und \u2013methoden und Befunde, die wir oder \u00c4rzte erheben. Zu diesem Zweck k\u00f6nnen uns auch andere \u00c4rzte oder Therapeuten, bei denen Sie in Behandlung sind, Daten zur Verf\u00fcgung stellen, z.B. in Arztberichten oder Therapieberichten.<\/p>\n<p>Die Erhebung von Gesundheitsdaten ist Voraussetzung f\u00fcr Ihre Behandlung. Diese notwendigen Informationen ben\u00f6tigen wir, um eine sorgf\u00e4ltige Behandlung durchzuf\u00fchren.<\/p>\n<p><b style=\"font-size: 1rem;\">3. Empf\u00e4nger Ihrer Daten\u00a0<\/b><\/p>\n<p>Ich \u00fcbermittle Ihre personenbezogen Daten nur dann an Dritte, wenn dies gesetzlich erlaubt ist oder Sie eingewilligt haben.<\/p>\n<p>Empf\u00e4nger Ihrer personenbezogenen Daten k\u00f6nnen vor allem andere \u00c4rzte, andere Therapeuten, Krankenkassen, der Medizinische Dienst der Krankenversicherung, Steuerberater und \u00a0Abrechnungsstelle sein.<\/p>\n<p>Die \u00dcbermittlung erfolgt \u00fcberwiegend zum Zwecke der Abrechnung der bei Ihnen erbrachten Leistungen, zur Kl\u00e4rung von medizinischen und sich aus Ihrem Versicherungsverh\u00e4ltnis ergebenden Fragen. Im Einzelfall erfolgt die \u00dcbermittlung von Daten an weitere berechtigte Empf\u00e4nger.<\/p>\n<p><b>4. Speicherung Ihrer Daten\u00a0<\/b><\/p>\n<p>Ich bewahre Ihre personenbezogenen Daten nur solange auf, wie dies gesetzlich erforderlich ist. Aufgrund rechtlicher Vorgaben sind wir dazu verpflichtet, diese Daten mindestens zehn Jahre nach Abschluss der Behandlung aufzubewahren. Nach anderen Vorschriften k\u00f6nnen sich l\u00e4ngere Aufbewahrungsfristen ergeben.<\/p>\n<p><b>5. Ihre Rechte\u00a0<\/b><\/p>\n<p>Sie haben das Recht, \u00fcber die betreffenden personenbezogenen Daten Auskunft zu erhalten. Auch k\u00f6nnen Sie die Berichtigung unrichtiger Daten verlangen.<\/p>\n<p>Dar\u00fcber hinaus steht Ihnen unter bestimmten Voraussetzungen das Recht auf L\u00f6schung von Daten, das Recht auf Einschr\u00e4nkung der Datenverarbeitung sowie das Recht auf Daten\u00fcbertragbarkeit zu.<\/p>\n<p>Die Verarbeitung Ihrer Daten erfolgt auf Basis von gesetzlichen Regelungen. Nur in Ausnahmef\u00e4llen ben\u00f6tigen wir Ihr Einverst\u00e4ndnis. In diesen F\u00e4llen haben Sie das Recht, die Einwilligung f\u00fcr die zuk\u00fcnftige Verarbeitung zu widerrufen.<\/p>\n<p>Sie haben ferner das Recht, sich bei der zust\u00e4ndigen Aufenthaltsbeh\u00f6rde f\u00fcr den Datenschutz zu beschweren, wenn Sie der Ansicht sind, dass die Verarbeitung Ihrer personenbezogenen Daten nicht rechtm\u00e4\u00dfig erfolgt.<\/p>\n<p>Die Anschrift der f\u00fcr mich zust\u00e4ndigen Aufsichtsbeh\u00f6rde lautet:<\/p>\n<p>Bayerisches Landesamt f\u00fcr Datenschutzaufsicht (BayLDA)<\/p>\n<p>Promenade 27<\/p>\n<p>91522 Ansbach<\/p>\n<p>Telefon: 0981 \/ 53 13 00<\/p>\n<p>Telefax: 0981 \/ 53 98 13 00<\/p>\n<p>E\u2013Mail: <a href=\"mailto:poststelle@lda.bayern.de\">poststelle@lda.bayern.de<\/a><\/p>\n<p>Homepage: <a href=\"http:\/\/www.lda.bayern.de\">http:\/\/www.lda.bayern.de<\/a><\/p>\n<p><b>6. Rechtliche Grundlagen\u00a0<\/b><\/p>\n<p>Rechtsgrundlage f\u00fcr die Verarbeitung Ihrer Daten ist Artikel 9 Absatz 2 lit. h) DSGVO in Verbindung mit Paragraf 22 Absatz 1 Nr.1 lit. b) Bundesdatenschutzgesetz.<\/p>\n<p>Sollten Sie Fragen haben, k\u00f6nnen Sie sich jederzeit gerne an mich wenden.<\/p>\n<p>Ihre Manuela Bahner<\/p>\n","protected":false},"excerpt":{"rendered":"<p>Sehr geehrte Patientin, sehr geehrter Patient, der Schutz Ihrer personenbezogenen Daten ist mir sehr wichtig. Nach der EU \u2013 Datenschutz \u2013 Grundverordnung (EU \u2013 DSGVO) bin ich verpflichtet, Sie dar\u00fcber zu informieren, zu welchem Zweck meine Praxis Daten erhebt, speichert und weiterleitet. Der Information k\u00f6nnen Sie auch entnehmen, welche Rechte Sie haben. 1. Verantwortlichkeit f\u00fcr &hellip; <\/p>\n<p class=\"link-more\"><a href=\"https:\/\/logopaedie-weil.de\/?page_id=33\" class=\"more-link\"><span class=\"screen-reader-text\">\u201eDatenschutzerkl\u00e4rung\u201c <\/span>weiterlesen<\/a><\/p>\n","protected":false},"author":1,"featured_media":0,"parent":0,"menu_order":0,"comment_status":"closed","ping_status":"closed","template":"","meta":{"footnotes":""},"class_list":["post-33","page","type-page","status-publish","hentry"],"_links":{"self":[{"href":"https:\/\/logopaedie-weil.de\/index.php?rest_route=\/wp\/v2\/pages\/33","targetHints":{"allow":["GET"]}}],"collection":[{"href":"https:\/\/logopaedie-weil.de\/index.php?rest_route=\/wp\/v2\/pages"}],"about":[{"href":"https:\/\/logopaedie-weil.de\/index.php?rest_route=\/wp\/v2\/types\/page"}],"author":[{"embeddable":true,"href":"https:\/\/logopaedie-weil.de\/index.php?rest_route=\/wp\/v2\/users\/1"}],"replies":[{"embeddable":true,"href":"https:\/\/logopaedie-weil.de\/index.php?rest_route=%2Fwp%2Fv2%2Fcomments&post=33"}],"version-history":[{"count":9,"href":"https:\/\/logopaedie-weil.de\/index.php?rest_route=\/wp\/v2\/pages\/33\/revisions"}],"predecessor-version":[{"id":126,"href":"https:\/\/logopaedie-weil.de\/index.php?rest_route=\/wp\/v2\/pages\/33\/revisions\/126"}],"wp:attachment":[{"href":"https:\/\/logopaedie-weil.de\/index.php?rest_route=%2Fwp%2Fv2%2Fmedia&parent=33"}],"curies":[{"name":"wp","href":"https:\/\/api.w.org\/{rel}","templated":true}]}}